{"id":9,"date":"2026-03-31T07:45:34","date_gmt":"2026-03-31T07:45:34","guid":{"rendered":"https:\/\/cardvisit.net\/verdia\/?page_id=9"},"modified":"2026-03-31T14:00:21","modified_gmt":"2026-03-31T14:00:21","slug":"danh-thiep-dien-tu","status":"publish","type":"page","link":"https:\/\/cardvisit.net\/verdia\/","title":{"rendered":"Danh thi\u1ebfp \u0111i\u1ec7n t\u1eed"},"content":{"rendered":"<div class=\"row\"  id=\"row-472270094\">\n\n\t<div id=\"col-1715418531\" class=\"col medium-6 small-12 large-6\"  >\n\t\t\t\t<div class=\"col-inner\"  >\n\t\t\t\n\t\t\t\n<a class=\"button alert is-underline expand\"  >\n\t\t<span>C\u00d4NG TY TNHH TH\u01af\u01a0NG M\u1ea0I D\u1ecaCH V\u1ee4 VERDIA<\/span>\n\t<\/a>\n\n\t\t<\/div>\n\t\t\t\t\t<\/div>\n\n\t\n\n\t<div id=\"col-1138118503\" class=\"col medium-6 small-12 large-6\"  >\n\t\t\t\t<div class=\"col-inner\"  >\n\t\t\t\n\t\t\t\n<a href=\"tel:0937541868\" class=\"button secondary is-underline expand\"  >\n\t<i class=\"icon-phone\" aria-hidden=\"true\" ><\/i>\t<span>0937.541.868<\/span>\n\t<\/a>\n\n\t\t<\/div>\n\t\t\t\t\t<\/div>\n\n\t\n<\/div>\n<div class=\"text-center\"><div class=\"is-divider divider clearfix\" style=\"max-width:1750px;background-color:rgb(255, 255, 255);\"><\/div><\/div>\n\n        <div id=\"snt-home-3795\" class=\"snt-homepage\" style=\"--snt-primary-1:#39d98a;--snt-primary-2:#2f93ff;--snt-accent:#a73cff;\">\n          <header class=\"snt-header\" id=\"trang-chu\">\n            <div class=\"snt-particles\"><\/div>\n            <div class=\"snt-container\">\n              <div class=\"snt-navbar\">\n                <a href=\"#trang-chu\" class=\"snt-logo-wrap\"><img decoding=\"async\" src=\"https:\/\/cardvisit.net\/verdia\/wp-content\/uploads\/2026\/03\/Chua-co-ten-256-x-256-px.png\" alt=\"logo\" class=\"snt-site-logo\" \/><span class=\"snt-logo\">cardvisit.net\/verdia<\/span><\/a>\n                <button class=\"snt-menu-toggle\" aria-label=\"M\u1edf menu\"><span><\/span><span><\/span><span><\/span><\/button>\n                <nav class=\"snt-nav\"><a href=\"#trang-chu\" class=\"active\">Trang ch\u1ee7<\/a><a href=\"#gioi-thieu\">Gi\u1edbi thi\u1ec7u<\/a><a href=\"#tinh-nang\">T\u00ednh n\u0103ng<\/a><a href=\"#bang-gia\">B\u1ea3ng gi\u00e1<\/a><a href=\"#lien-he\">Li\u00ean h\u1ec7<\/a><\/nav>\n              <\/div>\n              <div class=\"snt-hero-grid\">\n                <div class=\"snt-hero-content\">\n                  <div class=\"snt-badge\">Danh thi\u1ebfp th\u00f4ng minh - Card Visit Online<\/div>\n                  <h1>T\u1ea1o danh thi\u1ebfp s\u1ed1 chuy\u00ean nghi\u1ec7p cho c\u00e1 nh\u00e2n v\u00e0 doanh nghi\u1ec7p<\/h1>\n                  <p class=\"snt-hero-desc\">T\u1ea1o nhanh trang th\u00f4ng tin c\u00e1 nh\u00e2n hi\u1ec7n \u0111\u1ea1i, chia s\u1ebb thu\u1eadn ti\u1ec7n v\u1edbi kh\u00e1ch h\u00e0ng, \u0111\u1ed1i t\u00e1c v\u00e0 b\u1ea1n b\u00e8. H\u1ed7 tr\u1ee3 hi\u1ec3n th\u1ecb li\u00ean h\u1ec7, m\u1ea1ng x\u00e3 h\u1ed9i, ng\u00e2n h\u00e0ng, QR Code, n\u00fat g\u1ecdi nhanh v\u00e0 nhi\u1ec1u ti\u1ec7n \u00edch kh\u00e1c.<\/p>\n                  <ul class=\"snt-hero-list\"><li>T\u1ea1o trang danh thi\u1ebfp online \u0111\u1eb9p, hi\u1ec7n \u0111\u1ea1i, chuy\u00ean nghi\u1ec7p<\/li><li>Chia s\u1ebb nhanh qua link, QR Code, Zalo, Facebook, Telegram<\/li><li>Gi\u1ea3m nh\u1ea7m l\u1eabn khi chuy\u1ec3n kho\u1ea3n v\u1edbi th\u00f4ng tin r\u00f5 r\u00e0ng, tr\u1ef1c quan<\/li><\/ul>\n                  <div class=\"snt-hero-buttons\"><a href=\"https:\/\/cardvisit.net\/verdia\/tao-thu-danh-thiep\/\" class=\"snt-btn snt-btn-primary\">T\u1ea1o th\u1eed Danh thi\u1ebfp<\/a><a href=\"https:\/\/cardvisit.net\/verdia\/danh-thiep-dien-tu-dao-duy-chien\/\" class=\"snt-btn snt-btn-outline\">Xem demo<\/a><\/div>\n                <\/div>\n                <div class=\"snt-phone-area\"><div class=\"snt-phone\"><div class=\"snt-phone-notch\"><\/div><div class=\"snt-phone-screen\"><div class=\"snt-profile-top\"><img decoding=\"async\" src=\"https:\/\/cardvisit.net\/verdia\/wp-content\/uploads\/2026\/03\/gen-n-z7671792805717_da8a4c031174c461cfe3a882621d3e92.jpg\" alt=\"\u1ea2nh \u0111\u1ea1i di\u1ec7n\" class=\"snt-avatar\" \/><h3>C\u00d4NG TY TNHH TH\u01af\u01a0NG M\u1ea0I D\u1ecaCH V\u1ee4 VERDIA<\/h3><div class=\"snt-role\"><\/div><div class=\"snt-hotline-mini\">Hotline: Call: 0937541868<\/div><\/div><div class=\"snt-action-row\"><a href=\"http:\/\/0976242896\" class=\"snt-mini-btn snt-blue\">Website<\/a><a href=\"tel:0937541868\" class=\"snt-mini-btn snt-yellow\">G\u1ecdi ngay<\/a><\/div><div class=\"snt-link-list\"><a href=\"#\" class=\"snt-link-item\"><span class=\"icon fb\">f<\/span><span>Facebook<\/span><\/a><a href=\"https:\/\/zalo.me\/0969934931\" class=\"snt-link-item\"><span class=\"icon zalo\">Z<\/span><span>Zalo: Call: 0937541868<\/span><\/a><a href=\"http:\/\/0976242896\" class=\"snt-link-item\"><span class=\"icon web\">W<\/span><span>http:\/\/0976242896<\/span><\/a><a href=\"#\" class=\"snt-link-item\"><span class=\"icon tg\">T<\/span><span>Telegram<\/span><\/a><a href=\"#\" class=\"snt-link-item\"><span class=\"icon bank\">\u20ab<\/span><span>Ng\u00e2n h\u00e0ng: 123456789 - SNTGROUP<\/span><\/a><\/div><\/div><\/div><\/div>\n              <\/div>\n            <\/div>\n            <div class=\"snt-wave snt-wave-1\"><\/div><div class=\"snt-wave snt-wave-2\"><\/div><div class=\"snt-wave snt-wave-3\"><\/div>\n          <\/header>\n          <section class=\"snt-section snt-section-intro\" id=\"gioi-thieu\"><div class=\"snt-container snt-two-col\"><div class=\"snt-card-preview-wrap\"><div class=\"snt-card-preview\"><div class=\"snt-card-brand\">cardvisit.net\/verdia<\/div><div class=\"snt-card-sub\">SMART CARD ONLINE<\/div><div class=\"snt-card-contact\"><div>\u2709 Call: 0909959011<\/div><div>\ud83c\udf10 http:\/\/0976242896<\/div><div>\u260e Call: 0937541868<\/div><\/div><\/div><\/div><div class=\"snt-text-block\"><h2>T\u00cdCH H\u1ee2P CH\u1ee8C N\u0102NG NFC SMART CARD<\/h2><p>T\u1ea1o th\u1ebb th\u00f4ng tin c\u00e1 nh\u00e2n v\u00e0 doanh nghi\u1ec7p theo phong c\u00e1ch hi\u1ec7n \u0111\u1ea1i, sang tr\u1ecdng v\u00e0 d\u1ec5 s\u1eed d\u1ee5ng.<\/p><p>Danh thi\u1ebfp s\u1ed1 gi\u00fap b\u1ea1n chia s\u1ebb th\u00f4ng tin nhanh ch\u00f3ng, n\u00e2ng cao h\u00ecnh \u1ea3nh th\u01b0\u01a1ng hi\u1ec7u v\u00e0 h\u1ed7 tr\u1ee3 kh\u00e1ch h\u00e0ng truy c\u1eadp \u0111\u00fang k\u00eanh li\u00ean h\u1ec7 ch\u1ec9 trong m\u1ed9t ch\u1ea1m.<\/p><p>Ph\u00f9 h\u1ee3p cho c\u00e1 nh\u00e2n, sale, m\u00f4i gi\u1edbi, ch\u1ee7 doanh nghi\u1ec7p, k\u1ef9 s\u01b0, t\u01b0 v\u1ea5n vi\u00ean, chuy\u00ean gia d\u1ecbch v\u1ee5 v\u00e0 nhi\u1ec1u ng\u00e0nh ngh\u1ec1 kh\u00e1c.<\/p><div class=\"snt-contact-line\">\ud83d\udcde Hotline h\u1ed7 tr\u1ee3: <strong>Call: 0937541868<\/strong><\/div><\/div><\/div><\/section>\n          <section class=\"snt-section snt-feature-section\" id=\"tinh-nang\"><div class=\"snt-container\"><div class=\"snt-section-head\"><h2>T\u00ednh n\u0103ng n\u1ed5i b\u1eadt<\/h2><p>Gi\u1ea3i ph\u00e1p landing page danh thi\u1ebfp \u0111i\u1ec7n t\u1eed hi\u1ec7n \u0111\u1ea1i, tr\u1ef1c quan v\u00e0 nay \u0111\u00e3 c\u00f3 th\u00eam lu\u1ed3ng b\u00e1n g\u00f3i, QR t\u0129nh SePay v\u00e0 k\u00edch ho\u1ea1t t\u1ef1 \u0111\u1ed9ng.<\/p><\/div><div class=\"snt-feature-grid\"><div class=\"snt-feature-box\"><div class=\"snt-feature-icon\">\ud83d\udcb3<\/div><h3>QR t\u0129nh SePay d\u1ec5 d\u00f9ng<\/h3><p>Kh\u00e1ch qu\u00e9t tr\u1ef1c ti\u1ebfp QR t\u0129nh c\u1ee7a t\u00e0i kho\u1ea3n nh\u1eadn ti\u1ec1n, v\u1eabn d\u00f9ng m\u00e3 chuy\u1ec3n kho\u1ea3n ri\u00eang \u0111\u1ec3 h\u1ec7 th\u1ed1ng t\u1ef1 nh\u1eadn di\u1ec7n v\u00e0 k\u00edch ho\u1ea1t g\u00f3i.<\/p><\/div><div class=\"snt-feature-box\"><div class=\"snt-feature-icon\">\ud83d\udd04<\/div><h3>T\u1ef1 gia h\u1ea1n g\u00f3i<\/h3><p>Khi kh\u00e1ch thanh to\u00e1n gia h\u1ea1n, h\u1ec7 th\u1ed1ng t\u1ef1 c\u1ed9ng d\u1ed3n th\u1eddi h\u1ea1n v\u00e0 c\u1eadp nh\u1eadt l\u1ea1i h\u1ed3 s\u01a1 kh\u00e1ch h\u00e0ng.<\/p><\/div><div class=\"snt-feature-box\"><div class=\"snt-feature-icon\">\ud83d\udce7<\/div><h3>Email th\u00f4ng b\u00e1o \u0111\u1ea7y \u0111\u1ee7<\/h3><p>M\u1ecdi \u0111\u01a1n m\u1edbi, thanh to\u00e1n th\u00e0nh c\u00f4ng v\u00e0 k\u00edch ho\u1ea1t g\u00f3i \u0111\u1ec1u c\u00f3 th\u1ec3 g\u1eedi v\u1ec1 admin, qu\u1ea3n l\u00fd v\u00e0 kh\u00e1ch h\u00e0ng.<\/p><\/div><div class=\"snt-feature-box\"><div class=\"snt-feature-icon\">\ud83d\udc65<\/div><h3>Qu\u1ea3n l\u00fd kh\u00e1ch theo g\u00f3i<\/h3><p>Xem kh\u00e1ch \u0111ang d\u00f9ng g\u00f3i n\u00e0o, c\u00f2n h\u1ea1n hay \u0111\u00e3 h\u1ebft h\u1ea1n ngay trong trang qu\u1ea3n tr\u1ecb WordPress.<\/p><\/div><\/div><\/div><\/section>\n          <section class=\"snt-section snt-pricing-section\" id=\"bang-gia\"><div class=\"snt-container\"><div class=\"snt-section-head\"><h2>B\u1ea3ng gi\u00e1 tham kh\u1ea3o<\/h2><p>C\u00f3 th\u1ec3 th\u00eam, x\u00f3a, k\u00e9o th\u1ea3 s\u1eafp x\u1ebfp v\u00e0 b\u1eadt\/t\u1eaft t\u1eebng g\u00f3i gi\u00e1 trong ph\u1ea7n qu\u1ea3n tr\u1ecb plugin.<\/p><\/div><div class=\"snt-pricing-grid snt-pricing-grid-dynamic cols-3\"><div class=\"snt-price-card\"><h3>G\u00f3i c\u01a1 b\u1ea3n<\/h3><div class=\"price\">299.000\u0111<\/div><p>T\u1ea1o \u0111\u01b0\u1ee3c 02 Danh thi\u1ebfp \u0111i\u1ec7n t\u1eed, S\u1eed d\u1ee5ng trong v\u00f2ng 01 n\u0103m v\u00e0 sau \u0111\u00f3 gia h\u1ea1n l\u1ea1i B\u1ea1n c\u00f3 th\u1ec3 T\u1eb7ng hay Kinh doanh t\u1eeb quy\u1ec1n \u0111\u01b0\u1ee3c t\u1ea1o Danh thi\u1ebfp trong qu\u1ea3n tr\u1ecb t\u00e0i kho\u1ea3n \u0111\u0103ng nh\u1eadp c\u1ee7a b\u1ea1n<\/p><div class=\"snt-price-meta\"><span>365 ng\u00e0y s\u1eed d\u1ee5ng<\/span><span>299.000\u0111<\/span><\/div><button type=\"button\" class=\"snt-btn snt-btn-small snt-btn-primary snt-open-register\" data-package-key=\"pkg_0\" data-package-title=\"G\u00f3i c\u01a1 b\u1ea3n\" data-package-price=\"299.000\u0111\">\u0110\u0103ng k\u00fd<\/button><\/div><div class=\"snt-price-card featured\"><div class=\"tag\">Ph\u1ed5 bi\u1ebfn<\/div><h3>G\u00f3i chuy\u00ean nghi\u1ec7p<\/h3><div class=\"price\">599.000\u0111<\/div><p>T\u1ea1o \u0111\u01b0\u1ee3c 5 Danh thi\u1ebfp \u0110i\u1ec7n t\u1eed\r\nH\u1ed7 tr\u1ee3 nhi\u1ec1u n\u00fat li\u00ean h\u1ec7, m\u00e0u s\u1eafc th\u01b0\u01a1ng hi\u1ec7u, logo v\u00e0 hi\u1ec3n th\u1ecb \u0111\u1eb9p h\u01a1n. S\u1eed d\u1ee5ng trong v\u00f2ng 02 n\u0103m v\u00e0 sau \u0111\u00f3 gia h\u1ea1n l\u1ea1i. B\u1ea1n c\u00f3 th\u1ec3 T\u1eb7ng hay Kinh doanh t\u1eeb quy\u1ec1n \u0111\u01b0\u1ee3c t\u1ea1o Danh thi\u1ebfp trong qu\u1ea3n tr\u1ecb t\u00e0i kho\u1ea3n \u0111\u0103ng nh\u1eadp c\u1ee7a b\u1ea1n<\/p><div class=\"snt-price-meta\"><span>730 ng\u00e0y s\u1eed d\u1ee5ng<\/span><span>599.000\u0111<\/span><\/div><button type=\"button\" class=\"snt-btn snt-btn-small snt-btn-primary snt-open-register\" data-package-key=\"pkg_1\" data-package-title=\"G\u00f3i chuy\u00ean nghi\u1ec7p\" data-package-price=\"599.000\u0111\">\u0110\u0103ng k\u00fd<\/button><\/div><div class=\"snt-price-card\"><h3>G\u00f3i doanh nghi\u1ec7p<\/h3><div class=\"price\">1.290.000\u0111<\/div><p>T\u1ea1o \u0111\u01b0\u1ee3c 50 Danh thi\u1ebfp \u0110i\u1ec7n t\u1eed\r\nT\u00f9y bi\u1ebfn ri\u00eang theo th\u01b0\u01a1ng hi\u1ec7u, logo, n\u1ed9i dung, m\u00e0u v\u00e0 CTA. Full m\u1ecdi ch\u1ee9c n\u0103ng c\u1ee7a h\u1ec7 th\u1ed1ng v\u00e0 c\u00e1c quy\u1ec1n cao c\u1ea5p. Tr\u1edf th\u00e0nh \u0110\u1ed1i t\u00e1c c\u00f9ng b\u00e1n quy\u1ec1n th\u01b0\u01a1ng m\u1ea1i d\u1ecbch v\u1ee5 n\u00e0y<\/p><div class=\"snt-price-meta\"><span>1835 ng\u00e0y s\u1eed d\u1ee5ng<\/span><span>1.290.000\u0111<\/span><\/div><button type=\"button\" class=\"snt-btn snt-btn-small snt-btn-primary snt-open-register\" data-package-key=\"pkg_2\" data-package-title=\"G\u00f3i doanh nghi\u1ec7p\" data-package-price=\"1.290.000\u0111\">\u0110\u0103ng k\u00fd<\/button><\/div><\/div><\/div><\/section>\n          <section class=\"snt-section snt-contact-section\" id=\"lien-he\"><div class=\"snt-container\"><div class=\"snt-section-head\"><h2>Li\u00ean h\u1ec7 tri\u1ec3n khai<\/h2><p>C\u00f4ng ty Verdia - Hi\u1ec7n c\u00f3 v\u0103n ph\u00f2ng \u0111\u1ea1i di\u1ec7n t\u1ea1i nhi\u1ec1u t\u1ec9nh th\u00e0nh trong c\u1ea3 n\u01b0\u1edbc - R\u1ea5t h\u00e2n h\u1ea1nh \u0111\u01b0\u1ee3c ph\u1ee5c v\u1ee5 qu\u00fd kh\u00e1ch<\/p><\/div><div class=\"snt-contact-box\"><p><strong>B\u1ea3n Quy\u1ec1n \u1ee9ng d\u1ee5ng:<\/strong> \u00a9 Application Developer Nguy\u1ec5n Qu\u1ed1c \u0110\u0103ng<\/p><p><strong>\u0110\u01a1n v\u1ecb khai th\u00e1c kinh doanh:<\/strong> C\u00d4NG TY TNHH TH\u01af\u01a0NG M\u1ea0I D\u1ecaCH V\u1ee4 VERDIA<\/p><p><strong>Khu v\u1ef1c Mi\u1ec1n B\u1eafc:<\/strong> http:\/\/0976242896<\/p><p><strong>Khu v\u1ef1c Mi\u1ec1n Trung:<\/strong> Call: 0937541868<\/p><p><strong>Khu v\u1ef1c Mi\u1ec1n Nam:<\/strong> Call: 0909959011<\/p><div class=\"snt-contact-actions\"><a href=\"tel:0969934931\" class=\"snt-btn snt-btn-primary\">T\u1ed5ng \u0111\u00e0i Ch\u0103m s\u00f3c kh\u00e1ch h\u00e0ng (24\/7)<\/a><a href=\"https:\/\/zalo.me\/0947973468\" class=\"snt-btn snt-btn-outline snt-btn-dark-outline\">H\u1ed7 tr\u1ee3 k\u1ef9 thu\u1eadt<\/a><\/div><\/div><\/div><\/section>\n          <footer class=\"snt-footer\"><div class=\"snt-container\"><div class=\"snt-footer-inner\"><div>\u00a9 2026 cardvisit.net\/verdia<\/div><div>Ph\u00e1t tri\u1ec3n b\u1edfi Nh\u00e0 l\u1eadp tr\u00ecnh \u1ee9ng d\u1ee5ng Nguy\u1ec5n Qu\u1ed1c \u0110\u0103ng - SNTGROUP<\/div><\/div><\/div><\/footer>\n          <a class=\"snt-floating-zalo\" href=\"https:\/\/zalo.me\/0969934931\" target=\"_blank\" rel=\"noopener\">Zalo<\/a>\n\n          <div class=\"snt-modal\" data-snt-modal>\n            <div class=\"snt-modal-backdrop\" data-snt-close><\/div>\n            <div class=\"snt-modal-card\">\n              <button type=\"button\" class=\"snt-modal-close\" data-snt-close>\u00d7<\/button>\n              <div class=\"snt-modal-grid\">\n                <div class=\"snt-modal-col\">\n                  <h3>\u0110\u0103ng k\u00fd g\u00f3i d\u1ecbch v\u1ee5<\/h3>\n                  <p class=\"snt-modal-desc\">\u0110i\u1ec1n th\u00f4ng tin \u0111\u1ec3 h\u1ec7 th\u1ed1ng t\u1ef1 t\u1ea1o \u0111\u01a1n, hi\u1ec3n th\u1ecb QR t\u0129nh SePay v\u00e0 t\u1ef1 k\u00edch ho\u1ea1t ho\u1eb7c gia h\u1ea1n ngay khi thanh to\u00e1n th\u00e0nh c\u00f4ng.<\/p>\n                  <div class=\"snt-selected-package\"><strong>G\u00f3i \u0111\u00e3 ch\u1ecdn:<\/strong> <span data-snt-selected-package>Ch\u01b0a ch\u1ecdn<\/span><\/div>\n                  <form class=\"snt-register-form\">\n                    <input type=\"hidden\" name=\"package_key\" value=\"\" \/>\n                    <div class=\"snt-form-row\"><label>H\u1ecd v\u00e0 t\u00ean<\/label><input type=\"text\" name=\"customer_name\" required><\/div>\n                    <div class=\"snt-form-row\"><label>Email<\/label><input type=\"email\" name=\"customer_email\" required><\/div>\n                    <div class=\"snt-form-row\"><label>S\u1ed1 \u0111i\u1ec7n tho\u1ea1i<\/label><input type=\"text\" name=\"customer_phone\" required><\/div>\n                    <div class=\"snt-form-row\"><label>T\u00ean \u0111\u0103ng nh\u1eadp<\/label><input type=\"text\" name=\"account_username\" required><\/div>\n                    <div class=\"snt-form-row\"><label>M\u1eadt kh\u1ea9u<\/label><input type=\"password\" name=\"account_password\" minlength=\"6\" required><\/div>\n                    <div class=\"snt-form-row\"><label>C\u00f4ng ty \/ \u0111\u01a1n v\u1ecb<\/label><input type=\"text\" name=\"customer_company\"><\/div>\n                    <button type=\"submit\" class=\"snt-btn snt-btn-primary snt-submit-order\">\u0110\u0103ng k\u00fd t\u00e0i kho\u1ea3n v\u00e0 m\u1edf QR thanh to\u00e1n<\/button>\n                    <div class=\"snt-form-status\" data-snt-form-status><\/div>\n                  <\/form>\n                <\/div>\n                <div class=\"snt-modal-col snt-payment-col\">\n                  <h3>Thanh to\u00e1n t\u1ef1 \u0111\u1ed9ng qua SePay<\/h3>\n                  <div class=\"snt-payment-placeholder\" data-snt-payment-empty>\u0110i\u1ec1n th\u00f4ng tin b\u00ean tr\u00e1i v\u00e0 b\u1ea5m t\u1ea1o \u0111\u01a1n \u0111\u1ec3 hi\u1ec7n m\u00e3 QR thanh to\u00e1n.<\/div>\n                  <div class=\"snt-payment-result\" data-snt-payment-result hidden>\n                    <div class=\"snt-payment-success\">Sau khi chuy\u1ec3n kho\u1ea3n xong, h\u1ec7 th\u1ed1ng s\u1ebd t\u1ef1 k\u00edch ho\u1ea1t ho\u1eb7c gia h\u1ea1n g\u00f3i cho kh\u00e1ch h\u00e0ng. T\u00e0i kho\u1ea3n \u0111\u0103ng nh\u1eadp WordPress s\u1ebd \u0111\u01b0\u1ee3c t\u1ea1o\/c\u1eadp nh\u1eadt theo th\u00f4ng tin b\u1ea1n v\u1eeba \u0111\u0103ng k\u00fd.<\/div>\n                    <div class=\"snt-payment-box\"><div><strong>M\u00e3 \u0111\u01a1n:<\/strong> <span data-order-code><\/span><\/div><div><strong>T\u00ean \u0111\u0103ng nh\u1eadp:<\/strong> <span data-login-username><\/span><\/div><div><strong>G\u00f3i:<\/strong> <span data-package-title><\/span><\/div><div><strong>S\u1ed1 ti\u1ec1n:<\/strong> <span data-amount><\/span><\/div><div><strong>Hi\u1ec7u l\u1ef1c:<\/strong> <span data-duration-days><\/span><\/div><div><strong>N\u1ed9i dung CK:<\/strong> <span class=\"snt-transfer-content\" data-transfer-content><\/span><\/div><div><strong>Ng\u00e2n h\u00e0ng:<\/strong> <span data-bank-name><\/span><\/div><div><strong>S\u1ed1 TK\/VA:<\/strong> <span data-account-number><\/span><\/div><div><strong>Ch\u1ee7 TK:<\/strong> <span data-account-holder><\/span><\/div><div><strong>H\u1ebft h\u1ea1n thanh to\u00e1n:<\/strong> <span data-expires-hint><\/span><\/div><\/div>\n                    <div class=\"snt-qr-wrap\"><img decoding=\"async\" src=\"\" alt=\"QR SePay\" data-qr-image \/><\/div>\n                    <div class=\"snt-payment-popup-success\" data-snt-success-popup hidden><strong data-snt-success-title>\u0110\u0103ng k\u00fd g\u00f3i th\u00e0nh c\u00f4ng<\/strong><span data-snt-success-desc>B\u1ea1n \u0111\u00e3 th\u00e0nh to\u00e1n th\u00e0nh c\u00f4ng. Ch\u00e0o m\u1eebng b\u1ea1n truy c\u1eadp v\u00e0o h\u1ec7 th\u1ed1ng qu\u1ea3n tr\u1ecb<\/span><\/div>\n                  <\/div>\n                <\/div>\n              <\/div>\n            <\/div>\n          <\/div>\n        <\/div>\n        \n\n","protected":false},"excerpt":{"rendered":"","protected":false},"author":1,"featured_media":0,"parent":0,"menu_order":0,"comment_status":"closed","ping_status":"closed","template":"","meta":{"footnotes":""},"class_list":["post-9","page","type-page","status-publish","hentry"],"_links":{"self":[{"href":"https:\/\/cardvisit.net\/verdia\/wp-json\/wp\/v2\/pages\/9","targetHints":{"allow":["GET"]}}],"collection":[{"href":"https:\/\/cardvisit.net\/verdia\/wp-json\/wp\/v2\/pages"}],"about":[{"href":"https:\/\/cardvisit.net\/verdia\/wp-json\/wp\/v2\/types\/page"}],"author":[{"embeddable":true,"href":"https:\/\/cardvisit.net\/verdia\/wp-json\/wp\/v2\/users\/1"}],"replies":[{"embeddable":true,"href":"https:\/\/cardvisit.net\/verdia\/wp-json\/wp\/v2\/comments?post=9"}],"version-history":[{"count":7,"href":"https:\/\/cardvisit.net\/verdia\/wp-json\/wp\/v2\/pages\/9\/revisions"}],"predecessor-version":[{"id":308,"href":"https:\/\/cardvisit.net\/verdia\/wp-json\/wp\/v2\/pages\/9\/revisions\/308"}],"wp:attachment":[{"href":"https:\/\/cardvisit.net\/verdia\/wp-json\/wp\/v2\/media?parent=9"}],"curies":[{"name":"wp","href":"https:\/\/api.w.org\/{rel}","templated":true}]}}