{"id":300,"date":"2026-03-31T13:27:57","date_gmt":"2026-03-31T13:27:57","guid":{"rendered":"https:\/\/cardvisit.net\/verdia\/?page_id=300"},"modified":"2026-03-31T13:28:36","modified_gmt":"2026-03-31T13:28:36","slug":"danh-thiep-dien-tu-dao-duy-chien","status":"publish","type":"page","link":"https:\/\/cardvisit.net\/verdia\/danh-thiep-dien-tu-dao-duy-chien\/","title":{"rendered":"Danh thi\u1ebfp \u0111i\u1ec7n t\u1eed \u0110\u00e0o Duy Chi\u1ebfn"},"content":{"rendered":"\n        <div class=\"snt-ebc-stage template-executive_green\">\n            <div class=\"snt-ebc-card-shell is-ready\" style=\"--snt-ebc-primary: #0f5f50; --snt-ebc-accent: #d6a73a;\">\n                <div class=\"snt-ebc-card\" data-share-title=\"\u0110\u00c0O DUY CHI\u1ebeN - C\u00d4NG TY TNHH TH\u01af\u01a0NG M\u1ea0I D\u1ecaCH V\u1ee4 VERDIA\" data-share-text=\"Ch\u1ee7 t\u1ecbch ki\u00eam Gi\u00e1m \u0111\u1ed1c c\u00f4ng ty | C\u00d4NG TY TNHH TH\u01af\u01a0NG M\u1ea0I D\u1ecaCH V\u1ee4 VERDIA\" data-share-url=\"https:\/\/cardvisit.net\/verdia\/?snt_card=297\" data-vcard-url=\"https:\/\/cardvisit.net\/verdia\/?snt_ebc_download=1&#038;card_id=297\" data-enable-flip=\"1\">\n                    <div class=\"snt-ebc-lang-data\" hidden>{\"labels\":{\"vi\":{\"save\":\"L\u01afU DANH B\u1ea0\",\"qr\":\"QU\u00c9T M\u00c3 QR\",\"share\":\"CHIA S\u1eba DANH THI\u1ebeP\",\"save_home\":\"L\u01afU V\u00c0O M\u00c0N H\u00ccNH CH\u00cdNH\",\"flip\":\"XEM M\u1eb6T SAU\",\"flip_back\":\"V\u1ec0 M\u1eb6T TR\u01af\u1edaC\",\"banner\":\"M\u1ede BANNER\",\"call\":\"G\u1ecdi ngay\",\"zalo\":\"Zalo\",\"map\":\"Ch\u1ec9 \u0111\u01b0\u1eddng\",\"lang\":\"\u0110\u1ed5i ng\u00f4n ng\u1eef\",\"back_title\":\"Th\u00f4ng tin m\u1edf r\u1ed9ng\",\"download_vcf\":\"T\u1ea3i file vCard\",\"scan\":\"Qu\u00e9t m\u00e3 QR \u0111\u1ec3 m\u1edf danh thi\u1ebfp\",\"share_title\":\"Chia s\u1ebb danh thi\u1ebfp\",\"copy_link\":\"Sao ch\u00e9p link\",\"copy_vcard\":\"Sao ch\u00e9p vCard\",\"open_back\":\"L\u1eadt card\",\"read_more\":\"M\u1eb7t sau c\u00f3 th\u00eam QR v\u00e0 th\u00f4ng tin song ng\u1eef\",\"developer_prefix\":\"Ph\u00e1t tri\u1ec3n b\u1edfi Nh\u00e0 l\u1eadp tr\u00ecnh \u1ee9ng d\u1ee5ng (Application Developer) - \"},\"en\":{\"save\":\"SAVE CONTACT\",\"qr\":\"SCAN QR\",\"share\":\"SHARE CARD\",\"save_home\":\"SAVE TO HOME SCREEN\",\"flip\":\"VIEW BACK SIDE\",\"flip_back\":\"BACK TO FRONT\",\"banner\":\"OPEN BANNER\",\"call\":\"Call\",\"zalo\":\"Zalo\",\"map\":\"Directions\",\"lang\":\"Switch language\",\"back_title\":\"More information\",\"download_vcf\":\"Download vCard\",\"scan\":\"Scan QR to open the card\",\"share_title\":\"Share business card\",\"copy_link\":\"Copy link\",\"copy_vcard\":\"Copy vCard\",\"open_back\":\"Flip card\",\"read_more\":\"Back side includes QR and bilingual details\",\"developer_prefix\":\"Developed by Application Developer - \"}},\"values\":{\"vi\":{\"name\":\"\u0110\u00c0O DUY CHI\u1ebeN\",\"job\":\"Ch\u1ee7 t\u1ecbch ki\u00eam Gi\u00e1m \u0111\u1ed1c c\u00f4ng ty\",\"company\":\"C\u00d4NG TY TNHH TH\u01af\u01a0NG M\u1ea0I D\u1ecaCH V\u1ee4 VERDIA\",\"address\":\"70\/33 L\u00ea V\u0103n M\u1ea7m, Ph\u01b0\u1eddng T\u00e2n \u0110\u00f4ng Hi\u1ec7p, TP H\u1ed3 Ch\u00ed Minh\",\"note\":\"\"},\"en\":{\"name\":\"DAO DUY CHI\u1ebeN\",\"job\":\"System Management\",\"company\":\"VERDIA CO., LTD\",\"address\":\"70\/33 Le Van Mam Street, Tan Dong Hiep Ward, Ho Chi Minh City\",\"note\":\"Digital Business Card\"}}}<\/div>\n\n                    <div class=\"snt-ebc-flip can-flip\">\n                        <section class=\"snt-ebc-face snt-ebc-face-front\">\n                            <div class=\"snt-ebc-header\" style=\"background-image:url('https:\/\/cardvisit.net\/verdia\/wp-content\/uploads\/2026\/03\/gen-t-z7674856349919_52a460ad8cc7ab7bba91e1ebd0efd6ca.jpg');\">\n                                <div class=\"snt-ebc-banner-gloss\"><\/div>\n                                <div class=\"snt-ebc-banner-spotlight\"><\/div>\n                                                            <\/div>\n                            <div class=\"snt-ebc-avatar-wrap\">\n                                <button type=\"button\" class=\"snt-ebc-avatar-trigger\" data-modal=\"avatar\" aria-label=\"Ph\u00f3ng to \u1ea3nh \u0111\u1ea1i di\u1ec7n\">\n                                    <img decoding=\"async\" class=\"snt-ebc-avatar\" src=\"https:\/\/cardvisit.net\/verdia\/wp-content\/uploads\/2026\/03\/gen-n-z7671792805717_da8a4c031174c461cfe3a882621d3e92.jpg\" alt=\"\u0110\u00c0O DUY CHI\u1ebeN\">\n                                <\/button>\n                            <\/div>\n                            <div class=\"snt-ebc-body\">\n                                <div class=\"snt-ebc-chip-row\">\n                                    <button type=\"button\" class=\"snt-ebc-small-pill\" data-toggle-lang>VI \/ EN<\/button>\n                                    <button type=\"button\" class=\"snt-ebc-small-pill\" data-modal=\"banner\">BANNER<\/button>                                    <button type=\"button\" class=\"snt-ebc-small-pill\" data-flip-card>XEM M\u1eb6T SAU<\/button>                                <\/div>\n                                <h2 class=\"snt-ebc-name\" data-i18n=\"name\">\u0110\u00c0O DUY CHI\u1ebeN <span class=\"snt-ebc-verified dashicons dashicons-yes-alt\"><\/span><\/h2>\n                                <div class=\"snt-ebc-job\" data-i18n=\"job\">Ch\u1ee7 t\u1ecbch ki\u00eam Gi\u00e1m \u0111\u1ed1c c\u00f4ng ty<\/div>\n                                <div class=\"snt-ebc-company\" data-i18n=\"company\">C\u00d4NG TY TNHH TH\u01af\u01a0NG M\u1ea0I D\u1ecaCH V\u1ee4 VERDIA<\/div>\n                                <div class=\"snt-ebc-top-actions\">\n                                    <a class=\"snt-ebc-btn snt-ebc-vcard-link\" href=\"https:\/\/cardvisit.net\/verdia\/?snt_ebc_download=1&#038;card_id=297\"><span class=\"dashicons dashicons-download\"><\/span> <span data-label=\"save\">L\u01afU DANH B\u1ea0<\/span><\/a>\n                                    <button class=\"snt-ebc-btn snt-ebc-qr-toggle\" type=\"button\" data-modal=\"qr\"><span class=\"dashicons dashicons-grid-view\"><\/span> <span data-label=\"qr\">QU\u00c9T M\u00c3 QR<\/span><\/button>\n                                <\/div>\n                                <div class=\"snt-ebc-secondary-actions\">\n                                    <button class=\"snt-ebc-btn snt-ebc-btn-ghost\" type=\"button\" data-modal=\"share\"><span class=\"dashicons dashicons-share\"><\/span> <span data-label=\"share\">CHIA S\u1eba DANH THI\u1ebeP<\/span><\/button>                                    <button class=\"snt-ebc-btn snt-ebc-btn-ghost snt-ebc-install-btn\" type=\"button\" data-install-app><span class=\"dashicons dashicons-smartphone\"><\/span> <span data-label=\"save_home\">L\u01afU V\u00c0O M\u00c0N H\u00ccNH CH\u00cdNH<\/span><\/button>                                <\/div>\n                                <div class=\"snt-ebc-list\">\n                                    <a class=\"snt-ebc-item\" href=\"tel:0969934931\" target=\"_blank\" rel=\"noopener\" ><span class=\"snt-ebc-icon dashicons dashicons-phone\"><\/span><span class=\"snt-ebc-text\">0969934931<\/span><\/a>                                    <a class=\"snt-ebc-item\" href=\"tel:0937541868\" target=\"_blank\" rel=\"noopener\" ><span class=\"snt-ebc-icon dashicons dashicons-phone\"><\/span><span class=\"snt-ebc-text\">0937541868<\/span><\/a>                                    <a class=\"snt-ebc-item\" href=\"mailto:gd.duychien@verdia.com.vn\" target=\"_blank\" rel=\"noopener\" ><span class=\"snt-ebc-icon dashicons dashicons-email-alt\"><\/span><span class=\"snt-ebc-text\">gd.duychien@verdia.com.vn<\/span><\/a>                                    <a class=\"snt-ebc-item\" href=\"https:\/\/verdia.com.vn\/\" target=\"_blank\" rel=\"noopener\" ><span class=\"snt-ebc-icon dashicons dashicons-admin-site\"><\/span><span class=\"snt-ebc-text\">https:\/\/verdia.com.vn\/<\/span><\/a>                                    <a class=\"snt-ebc-item\" href=\"https:\/\/chobamien.vn\" target=\"_blank\" rel=\"noopener\" ><span class=\"snt-ebc-icon dashicons dashicons-admin-site\"><\/span><span class=\"snt-ebc-text\">https:\/\/chobamien.vn<\/span><\/a>                                    <a class=\"snt-ebc-item\" href=\"https:\/\/www.google.com\/maps\/search\/?api=1&#038;query=70%2F33%20L%C3%AA%20V%C4%83n%20M%E1%BA%A7m%2C%20Ph%C6%B0%E1%BB%9Dng%20T%C3%A2n%20%C4%90%C3%B4ng%20Hi%E1%BB%87p%2C%20TP%20H%E1%BB%93%20Ch%C3%AD%20Minh\" target=\"_blank\" rel=\"noopener\" data-i18n=\"address\"><span class=\"snt-ebc-icon dashicons dashicons-location-alt\"><\/span><span class=\"snt-ebc-text\">70\/33 L\u00ea V\u0103n M\u1ea7m, Ph\u01b0\u1eddng T\u00e2n \u0110\u00f4ng Hi\u1ec7p, TP H\u1ed3 Ch\u00ed Minh<\/span><\/a>                                    <a class=\"snt-ebc-item\" href=\"https:\/\/zalo.me\/0969934931\" target=\"_blank\" rel=\"noopener\" ><span class=\"snt-ebc-icon dashicons dashicons-smartphone\"><\/span><span class=\"snt-ebc-text\">0969934931<\/span><\/a>                                    <a class=\"snt-ebc-item\" href=\"https:\/\/www.facebook.com\/m.duychien?locale=vi_VN\" target=\"_blank\" rel=\"noopener\" ><span class=\"snt-ebc-icon dashicons dashicons-facebook\"><\/span><span class=\"snt-ebc-text\">Facebook<\/span><\/a>                                <\/div>\n                                                                <div class=\"snt-ebc-proid\">PRO ID 297<\/div>\n                                <div class=\"snt-ebc-footer-brand\"><div class=\"snt-ebc-footer-marquee\"><span class=\"snt-ebc-footer-shimmer\"><span data-label=\"developer_prefix\">Ph\u00e1t tri\u1ec3n b\u1edfi Nh\u00e0 l\u1eadp tr\u00ecnh \u1ee9ng d\u1ee5ng (Application Developer) - <\/span><a href=\"https:\/\/zalo.me\/0947973468\" target=\"_blank\" rel=\"noopener\"><span class=\"snt-ebc-footer-vip\">\u2726<\/span> Nguy\u1ec5n Qu\u1ed1c \u0110\u0103ng<\/a>.<\/span><\/div><\/div>\n                            <\/div>\n                        <\/section>\n                        <section class=\"snt-ebc-face snt-ebc-face-back\">\n                            <div class=\"snt-ebc-back-hero\" style=\"background-image:url('https:\/\/cardvisit.net\/verdia\/wp-content\/uploads\/2026\/03\/gen-t-z7674856349919_52a460ad8cc7ab7bba91e1ebd0efd6ca.jpg');\">\n                                <div class=\"snt-ebc-back-overlay\"><\/div>\n                                <div class=\"snt-ebc-back-top\">\n                                    <button type=\"button\" class=\"snt-ebc-small-pill\" data-flip-card-back>V\u1ec0 M\u1eb6T TR\u01af\u1edaC<\/button>\n                                    <button type=\"button\" class=\"snt-ebc-small-pill\" data-toggle-lang>VI \/ EN<\/button>\n                                <\/div>\n                                <div class=\"snt-ebc-back-main\">\n                                    <div class=\"snt-ebc-back-avatar\"><img decoding=\"async\" src=\"https:\/\/cardvisit.net\/verdia\/wp-content\/uploads\/2026\/03\/gen-n-z7671792805717_da8a4c031174c461cfe3a882621d3e92.jpg\" alt=\"\u0110\u00c0O DUY CHI\u1ebeN\"><\/div>\n                                    <div class=\"snt-ebc-back-copy\">\n                                        <strong data-i18n=\"name\">\u0110\u00c0O DUY CHI\u1ebeN<\/strong>\n                                        <span data-i18n=\"job\">Ch\u1ee7 t\u1ecbch ki\u00eam Gi\u00e1m \u0111\u1ed1c c\u00f4ng ty<\/span>\n                                        <span data-i18n=\"company\">C\u00d4NG TY TNHH TH\u01af\u01a0NG M\u1ea0I D\u1ecaCH V\u1ee4 VERDIA<\/span>\n                                        <em data-label=\"read_more\">M\u1eb7t sau c\u00f3 th\u00eam QR v\u00e0 th\u00f4ng tin song ng\u1eef<\/em>\n                                    <\/div>\n                                <\/div>\n                            <\/div>\n                            <div class=\"snt-ebc-back-body\">\n                                <div class=\"snt-ebc-back-grid\">\n                                    <div class=\"snt-ebc-qr-card\">\n                                        <img decoding=\"async\" class=\"snt-ebc-qr-image\" src=\"https:\/\/api.qrserver.com\/v1\/create-qr-code\/?size=700x700&#038;margin=24&#038;ecc=M&#038;format=png&#038;data=https%3A%2F%2Fcardvisit.net%2Fverdia%2F%3Fsnt_card%3D297\" alt=\"QR vCard\">\n                                        <a class=\"snt-ebc-btn snt-ebc-btn-small snt-ebc-vcard-link\" href=\"https:\/\/cardvisit.net\/verdia\/?snt_ebc_download=1&#038;card_id=297\"><span class=\"dashicons dashicons-download\"><\/span> <span data-label=\"download_vcf\">T\u1ea3i file vCard<\/span><\/a>\n                                    <\/div>\n                                    <div class=\"snt-ebc-meta-card\">\n                                        <h3 data-label=\"back_title\">Th\u00f4ng tin m\u1edf r\u1ed9ng<\/h3>\n                                        <div class=\"snt-ebc-meta-row\"><span>Email<\/span><strong>gd.duychien@verdia.com.vn<\/strong><\/div>\n                                        <div class=\"snt-ebc-meta-row\"><span>Website<\/span><strong>https:\/\/verdia.com.vn\/<\/strong><\/div>\n                                        <div class=\"snt-ebc-meta-row\"><span data-label=\"lang\">\u0110\u1ed5i ng\u00f4n ng\u1eef<\/span><strong>VI \/ EN<\/strong><\/div>\n                                        <div class=\"snt-ebc-meta-row\"><span>Address<\/span><strong data-i18n=\"address\">70\/33 L\u00ea V\u0103n M\u1ea7m, Ph\u01b0\u1eddng T\u00e2n \u0110\u00f4ng Hi\u1ec7p, TP H\u1ed3 Ch\u00ed Minh<\/strong><\/div>\n                                    <\/div>\n                                <\/div>\n                                <div class=\"snt-ebc-floating-actions is-back\">\n                                    <a class=\"snt-ebc-float-btn is-call\" href=\"tel:0969934931\" target=\"_blank\" rel=\"noopener\"><span class=\"dashicons dashicons-phone\"><\/span><em data-label=\"call\">G\u1ecdi ngay<\/em><\/a>                                    <a class=\"snt-ebc-float-btn is-zalo\" href=\"https:\/\/zalo.me\/0969934931\" target=\"_blank\" rel=\"noopener\"><span class=\"dashicons dashicons-smartphone\"><\/span><em data-label=\"zalo\">Zalo<\/em><\/a>                                    <a class=\"snt-ebc-float-btn is-map\" href=\"https:\/\/www.google.com\/maps\/search\/?api=1&#038;query=70%2F33%20L%C3%AA%20V%C4%83n%20M%E1%BA%A7m%2C%20Ph%C6%B0%E1%BB%9Dng%20T%C3%A2n%20%C4%90%C3%B4ng%20Hi%E1%BB%87p%2C%20TP%20H%E1%BB%93%20Ch%C3%AD%20Minh\" target=\"_blank\" rel=\"noopener\"><span class=\"dashicons dashicons-location\"><\/span><em data-label=\"map\">Ch\u1ec9 \u0111\u01b0\u1eddng<\/em><\/a>                                <\/div>\n                            <\/div>\n                        <\/section>\n                    <\/div>\n                    <div class=\"snt-ebc-modal\" hidden>\n                        <div class=\"snt-ebc-modal-backdrop\"><\/div>\n                        <div class=\"snt-ebc-modal-box snt-ebc-modal-avatar\" data-modal-box=\"avatar\" hidden><button type=\"button\" class=\"snt-ebc-modal-close\" aria-label=\"\u0110\u00f3ng\">\u00d7<\/button><img decoding=\"async\" src=\"https:\/\/cardvisit.net\/verdia\/wp-content\/uploads\/2026\/03\/gen-n-z7671792805717_da8a4c031174c461cfe3a882621d3e92.jpg\" alt=\"\u0110\u00c0O DUY CHI\u1ebeN\"><\/div>\n                        <div class=\"snt-ebc-modal-box snt-ebc-modal-qr\" data-modal-box=\"qr\" hidden><button type=\"button\" class=\"snt-ebc-modal-close\" aria-label=\"\u0110\u00f3ng\">\u00d7<\/button><h3 data-label=\"scan\">Qu\u00e9t m\u00e3 QR \u0111\u1ec3 m\u1edf danh thi\u1ebfp<\/h3><div class=\"snt-ebc-qr-shell\"><img decoding=\"async\" class=\"snt-ebc-qr-image\" src=\"https:\/\/api.qrserver.com\/v1\/create-qr-code\/?size=700x700&#038;margin=24&#038;ecc=M&#038;format=png&#038;data=https%3A%2F%2Fcardvisit.net%2Fverdia%2F%3Fsnt_card%3D297\" alt=\"QR\"><\/div><div class=\"snt-ebc-modal-actions\"><a class=\"snt-ebc-btn snt-ebc-btn-small snt-ebc-vcard-link\" href=\"https:\/\/cardvisit.net\/verdia\/?snt_ebc_download=1&#038;card_id=297\"><span class=\"dashicons dashicons-download\"><\/span> <span data-label=\"download_vcf\">T\u1ea3i file vCard<\/span><\/a><\/div><\/div>\n                        <div class=\"snt-ebc-modal-box snt-ebc-modal-share\" data-modal-box=\"share\" hidden><button type=\"button\" class=\"snt-ebc-modal-close\" aria-label=\"\u0110\u00f3ng\">\u00d7<\/button><h3 data-label=\"share_title\">Chia s\u1ebb danh thi\u1ebfp<\/h3><div class=\"snt-ebc-share-row\"><input type=\"text\" class=\"snt-ebc-share-input\" readonly value=\"https:\/\/cardvisit.net\/verdia\/?snt_card=297\"><button type=\"button\" class=\"snt-ebc-copy-btn\" data-copy-text=\"https:\/\/cardvisit.net\/verdia\/?snt_card=297\" data-label=\"copy_link\">Sao ch\u00e9p link<\/button><\/div><div class=\"snt-ebc-share-row\"><input type=\"text\" class=\"snt-ebc-share-input\" readonly value=\"https:\/\/cardvisit.net\/verdia\/?snt_ebc_download=1&#038;card_id=297\"><button type=\"button\" class=\"snt-ebc-copy-btn\" data-copy-text=\"https:\/\/cardvisit.net\/verdia\/?snt_ebc_download=1&#038;card_id=297\" data-label=\"copy_vcard\">Sao ch\u00e9p vCard<\/button><\/div><div class=\"snt-ebc-copy-status\" aria-live=\"polite\"><\/div><\/div>\n                        <div class=\"snt-ebc-modal-box snt-ebc-modal-banner\" data-modal-box=\"banner\" hidden><button type=\"button\" class=\"snt-ebc-modal-close\" aria-label=\"\u0110\u00f3ng\">\u00d7<\/button><div class=\"snt-ebc-bg-fullscreen\" style=\"background-image:url('https:\/\/cardvisit.net\/verdia\/wp-content\/uploads\/2026\/03\/gen-t-z7674856349919_52a460ad8cc7ab7bba91e1ebd0efd6ca.jpg');\"><\/div><\/div>\n                    <\/div>\n                    <div class=\"snt-ebc-install-notice\" aria-live=\"polite\"><\/div>\n                <\/div>\n            <\/div>\n        <\/div>\n        \n\n","protected":false},"excerpt":{"rendered":"","protected":false},"author":1,"featured_media":0,"parent":0,"menu_order":0,"comment_status":"closed","ping_status":"closed","template":"","meta":{"footnotes":""},"class_list":["post-300","page","type-page","status-publish","hentry"],"_links":{"self":[{"href":"https:\/\/cardvisit.net\/verdia\/wp-json\/wp\/v2\/pages\/300","targetHints":{"allow":["GET"]}}],"collection":[{"href":"https:\/\/cardvisit.net\/verdia\/wp-json\/wp\/v2\/pages"}],"about":[{"href":"https:\/\/cardvisit.net\/verdia\/wp-json\/wp\/v2\/types\/page"}],"author":[{"embeddable":true,"href":"https:\/\/cardvisit.net\/verdia\/wp-json\/wp\/v2\/users\/1"}],"replies":[{"embeddable":true,"href":"https:\/\/cardvisit.net\/verdia\/wp-json\/wp\/v2\/comments?post=300"}],"version-history":[{"count":2,"href":"https:\/\/cardvisit.net\/verdia\/wp-json\/wp\/v2\/pages\/300\/revisions"}],"predecessor-version":[{"id":303,"href":"https:\/\/cardvisit.net\/verdia\/wp-json\/wp\/v2\/pages\/300\/revisions\/303"}],"wp:attachment":[{"href":"https:\/\/cardvisit.net\/verdia\/wp-json\/wp\/v2\/media?parent=300"}],"curies":[{"name":"wp","href":"https:\/\/api.w.org\/{rel}","templated":true}]}}